{"id":93,"date":"2026-02-03T19:08:17","date_gmt":"2026-02-03T19:08:17","guid":{"rendered":"https:\/\/intercambiomisionero.org.pe\/?page_id=93"},"modified":"2026-02-10T18:27:52","modified_gmt":"2026-02-10T18:27:52","slug":"visao-do-ministerio","status":"publish","type":"page","link":"https:\/\/intercambiomisionero.org.pe\/?page_id=93","title":{"rendered":"VIS\u00c3O DO MINIST\u00c9RIO"},"content":{"rendered":"\n\n\n\n<span style=\"color:#e60000;\"><h2>Para que um minist\u00e9rio de interc\u00e2mbio mission\u00e1rio seja eficaz e n\u00e3o se torne simplesmente &#8220;turismo espiritual&#8221;, ele deve se basear em uma vis\u00e3o clara que equilibre o crescimento espiritual com o impacto social.<\/h2><h2><\/h2><\/span><h2><br><\/h2><h2>Eis a vis\u00e3o b\u00e1sica, estruturada em torno de quatro pilares fundamentais:<\/h2>\n<h2 style=\"color: rgb(230, 0, 0);\">1. O Pilar Teol\u00f3gico: &#8220;Ser antes de Fazer&#8221;<\/h2>\n<p>A vis\u00e3o n\u00e3o \u00e9 apenas enviar m\u00e3os, mas moldar cora\u00e7\u00f5es. O interc\u00e2mbio deve ser compreendido como um processo de discipulado intercultural.<\/p>\n<p><div class=\"Fsg96\" data-sfc-cp=\"\" jsaction=\"rcuQ6b:&amp;GKrRDf_14|npT2md\" jscontroller=\"KHhJQ\" jsuid=\"GKrRDf_14\" data-complete=\"true\" data-processed=\"true\" style=\"color: rgb(10, 10, 10); font-family: &quot;Google Sans&quot;, Arial, sans-serif; font-size: 14px; font-style: normal; font-variant-ligatures: normal; font-variant-caps: normal; font-weight: 400; letter-spacing: normal; orphans: 2; text-align: start; text-indent: 0px; text-transform: none; widows: 2; word-spacing: 0px; -webkit-text-stroke-width: 0px; white-space: normal; background-color: rgb(255, 255, 255); text-decoration-thickness: initial; text-decoration-style: initial; text-decoration-color: initial;\"><\/div><\/p><ul class=\"KsbFXc U6u95\" jscontroller=\"mPWODf\" jsuid=\"GKrRDf_t\" data-complete=\"true\" data-processed=\"true\" style=\"margin: 0px; padding: 0px; margin-block: 12px 16px; font-family: &quot;Google Sans&quot;, Arial, sans-serif; font-size: 16px; font-weight: 400; line-height: 24px; letter-spacing: normal; padding-inline-start: 16px; color: rgb(10, 10, 10); font-style: normal; font-variant-ligatures: normal; font-variant-caps: normal; orphans: 2; text-align: start; text-indent: 0px; text-transform: none; widows: 2; word-spacing: 0px; -webkit-text-stroke-width: 0px; white-space: normal; background-color: rgb(255, 255, 255); text-decoration-thickness: initial; text-decoration-style: initial; text-decoration-color: initial;\"><li jscontroller=\"vsuOFb\" jsuid=\"GKrRDf_u\" data-hveid=\"CAEIBRAA\" data-complete=\"true\" data-sae=\"\" style=\"margin: 0px 0px 12px; padding: 0px; list-style: disc; padding-inline-start: 4px;\"><span class=\"T286Pc\" data-sfc-cp=\"\" jscontroller=\"fly6D\" jsuid=\"GKrRDf_v\" data-complete=\"true\" style=\"overflow-wrap: break-word;\"><strong class=\"Yjhzub\" jscontroller=\"zYmgkd\" jsuid=\"GKrRDf_w\" data-complete=\"true\" style=\"font-weight: 700;\"><font dir=\"auto\" style=\"vertical-align: inherit;\"><font dir=\"auto\" style=\"vertical-align: inherit;\">Foco:<\/font><\/font><\/strong><font dir=\"auto\" style=\"vertical-align: inherit;\"><font dir=\"auto\" style=\"vertical-align: inherit;\"><span>&nbsp;<\/span>Baseado na<span>&nbsp;<\/span><\/font><\/font><span class=\"T286Pc\" data-sfc-cp=\"\" jscontroller=\"fly6D\" jsuid=\"GKrRDf_x\" data-complete=\"true\" style=\"overflow-wrap: break-word;\"><font dir=\"auto\" style=\"vertical-align: inherit;\"><font dir=\"auto\" style=\"vertical-align: inherit;\">Grande Comiss\u00e3o<\/font><\/font><\/span><font dir=\"auto\" style=\"vertical-align: inherit;\"><font dir=\"auto\" style=\"vertical-align: inherit;\"><span>&nbsp;<\/span>(Mateus 28:19), onde a troca serve para fazer com que o corpo de Cristo seja reconhecido como um s\u00f3, sem fronteiras.<\/font><\/font><\/span><\/li><li jscontroller=\"vsuOFb\" jsuid=\"GKrRDf_y\" data-hveid=\"CAEIBRAB\" data-complete=\"true\" data-sae=\"\" style=\"margin: 0px 0px 12px; padding: 0px; list-style: disc; padding-inline-start: 4px;\"><span class=\"T286Pc\" data-sfc-cp=\"\" jscontroller=\"fly6D\" jsuid=\"GKrRDf_z\" data-complete=\"true\" style=\"overflow-wrap: break-word;\"><strong class=\"Yjhzub\" jscontroller=\"zYmgkd\" jsuid=\"GKrRDf_10\" data-complete=\"true\" style=\"font-weight: 700;\"><font dir=\"auto\" style=\"vertical-align: inherit;\"><font dir=\"auto\" style=\"vertical-align: inherit;\">Objetivo:<\/font><\/font><\/strong><font dir=\"auto\" style=\"vertical-align: inherit;\"><font dir=\"auto\" style=\"vertical-align: inherit;\"><span>&nbsp;<\/span>Que o volunt\u00e1rio retorne com uma vis\u00e3o b\u00edblica mais ampla e que a igreja local seja fortalecida pela troca de dons.<\/font><\/font><\/span><span jsuid=\"GKrRDf_11\" class=\"txxDge notranslate\" jsaction=\"rcuQ6b:&amp;GKrRDf_11|npT2md\" jscontroller=\"udAs2b\" data-wiz-uids=\"GKrRDf_12,GKrRDf_13\" data-complete=\"true\" style=\"visibility: hidden;\"><span class=\"vKEkVd\" data-animation-atomic=\"\" data-wiz-attrbind=\"class=GKrRDf_11\/TKHnVd\" data-sae=\"\" style=\"white-space: nowrap; position: relative;\"><span aria-hidden=\"true\"><\/span><button jsuid=\"GKrRDf_13\" tabindex=\"0\" data-amic=\"true\" data-icl-uuid=\"776ad206-0880-4bde-9718-ac852382b494\" aria-label=\"Ver v\u00ednculos relacionados\" class=\"rBl3me\" jsaction=\"click:&amp;GKrRDf_11|S9kKve;mouseenter:&amp;GKrRDf_11|sbHm2b;mouseleave:&amp;GKrRDf_11|Tx5Rb\" data-wiz-attrbind=\"disabled=GKrRDf_11\/C5gNJc;aria-label=GKrRDf_11\/bOjMyf;class=GKrRDf_11\/UpSNec\" data-ved=\"2ahUKEwiG5bjsgr6SAxWUqZUCHYbdB5AQye0OegYIAQgFEAI\" style=\"margin: 0px 6px 0px 0px; background-color: rgb(233, 235, 240); border: none; border-radius: 10px; height: 20px; padding: 0px; width: 20px; outline: 0px; cursor: pointer;\"><span class=\"wiMplc ofC0Ud\" style=\"color: rgb(86, 89, 94); display: inline-block; transform: rotate(135deg);\"><svg style=\"margin-top: 3px;\" fill=\"currentColor\" width=\"12px\" height=\"12px\" focusable=\"false\" xmlns=\"http:\/\/www.w3.org\/2000\/svg\" viewBox=\"0 0 24 24\"><path d=\"M3.9 12c0-1.71 1.39-3.1 3.1-3.1h4V7H7c-2.76 0-5 2.24-5 5s2.24 5 5 5h4v-1.9H7c-1.71 0-3.1-1.39-3.1-3.1zM8 13h8v-2H8v2zm9-6h-4v1.9h4c1.71 0 3.1 1.39 3.1 3.1s-1.39 3.1-3.1 3.1h-4V17h4c2.76 0 5-2.24 5-5s-2.24-5-5-5z\"><\/path><\/svg><\/span><\/button><\/span><\/span><\/li><\/ul>\n<h2 style=\"color: rgb(230, 0, 0);\">2. O pilar da parceria: &#8220;Servir a uma vis\u00e3o local&#8221;<\/h2>\n<div class=\"Y3BBE\" data-sfc-cp=\"\" jsaction=\"rcuQ6b:&amp;GKrRDf_19|npT2md\" jscontroller=\"zcfIf\" jsuid=\"GKrRDf_19\" data-hveid=\"CAEIBxAA\" data-complete=\"true\" data-processed=\"true\" style=\"font-family: &quot;Google Sans&quot;, Arial, sans-serif; font-size: 16px; line-height: 24px; margin-block: 12px 16px; color: rgb(10, 10, 10);\"><font dir=\"auto\" style=\"vertical-align: inherit;\">Um minist\u00e9rio saud\u00e1vel n\u00e3o imp\u00f5e seus pr\u00f3prios projetos, mas se submete \u00e0s necessidades da igreja receptora no Peru.<\/font><span jsuid=\"GKrRDf_1a\" class=\"txxDge notranslate\" jsaction=\"rcuQ6b:&amp;GKrRDf_1a|npT2md\" jscontroller=\"udAs2b\" data-wiz-uids=\"GKrRDf_1b,GKrRDf_1c\" data-complete=\"true\" data-processed=\"true\" style=\"visibility: hidden;\"><span class=\"vKEkVd\" data-animation-atomic=\"\" data-wiz-attrbind=\"class=GKrRDf_1a\/TKHnVd\" data-sae=\"\" style=\"text-wrap-mode: nowrap; position: relative;\"><span aria-hidden=\"true\"><\/span><button jsuid=\"GKrRDf_1c\" tabindex=\"0\" data-amic=\"true\" data-icl-uuid=\"bd55b99c-8045-4521-b98c-fea86212b7b2\" aria-label=\"Ver v\u00ednculos relacionados\" class=\"rBl3me\" jsaction=\"click:&amp;GKrRDf_1a|S9kKve;mouseenter:&amp;GKrRDf_1a|sbHm2b;mouseleave:&amp;GKrRDf_1a|Tx5Rb\" data-wiz-attrbind=\"disabled=GKrRDf_1a\/C5gNJc;aria-label=GKrRDf_1a\/bOjMyf;class=GKrRDf_1a\/UpSNec\" data-ved=\"2ahUKEwiG5bjsgr6SAxWUqZUCHYbdB5AQye0OegYIAQgHEAE\" style=\"margin-right: 6px; background-color: rgb(233, 235, 240); border-width: initial; border-style: none; border-color: initial; border-radius: 10px; height: 20px; width: 20px; outline: 0px;\"><span class=\"wiMplc ofC0Ud\" style=\"color: rgb(86, 89, 94); display: inline-block; transform: rotate(135deg);\"><svg style=\"margin-top: 3px;\" fill=\"currentColor\" width=\"12px\" height=\"12px\" focusable=\"false\" xmlns=\"http:\/\/www.w3.org\/2000\/svg\" viewBox=\"0 0 24 24\"><path d=\"M3.9 12c0-1.71 1.39-3.1 3.1-3.1h4V7H7c-2.76 0-5 2.24-5 5s2.24 5 5 5h4v-1.9H7c-1.71 0-3.1-1.39-3.1-3.1zM8 13h8v-2H8v2zm9-6h-4v1.9h4c1.71 0 3.1 1.39 3.1 3.1s-1.39 3.1-3.1 3.1h-4V17h4c2.76 0 5-2.24 5-5s-2.24-5-5-5z\"><\/path><\/svg><\/span><\/button><\/span><\/span><\/div><ul class=\"KsbFXc U6u95\" jscontroller=\"mPWODf\" jsuid=\"GKrRDf_1d\" data-complete=\"true\" data-processed=\"true\" style=\"margin-left: 0px; margin-block: 12px 16px; font-family: &quot;Google Sans&quot;, Arial, sans-serif; font-size: 16px; line-height: 24px; padding-inline-start: 16px; color: rgb(10, 10, 10);\"><li jscontroller=\"vsuOFb\" jsuid=\"GKrRDf_1e\" data-hveid=\"CAEICBAA\" data-complete=\"true\" data-sae=\"\" style=\"margin-bottom: 12px; list-style: disc; padding-inline-start: 4px;\"><span class=\"T286Pc\" data-sfc-cp=\"\" jscontroller=\"fly6D\" jsuid=\"GKrRDf_1f\" data-complete=\"true\"><span class=\"Yjhzub\" jscontroller=\"zYmgkd\" jsuid=\"GKrRDf_1g\" data-complete=\"true\" style=\"font-weight: 700;\"><font dir=\"auto\" style=\"vertical-align: inherit;\"><font dir=\"auto\" style=\"vertical-align: inherit;\">Foco:<\/font><\/font><\/span><font dir=\"auto\" style=\"vertical-align: inherit;\"><font dir=\"auto\" style=\"vertical-align: inherit;\">&nbsp;Coopera\u00e7\u00e3o, n\u00e3o imposi\u00e7\u00e3o. Os volunt\u00e1rios v\u00eam para&nbsp;<\/font><\/font><span class=\"Yjhzub\" jscontroller=\"zYmgkd\" jsuid=\"GKrRDf_1h\" data-complete=\"true\" style=\"font-weight: 700;\"><font dir=\"auto\" style=\"vertical-align: inherit;\"><font dir=\"auto\" style=\"vertical-align: inherit;\">aprimorar<\/font><\/font><\/span><font dir=\"auto\" style=\"vertical-align: inherit;\"><font dir=\"auto\" style=\"vertical-align: inherit;\">&nbsp;o trabalho que os pastores locais j\u00e1 realizam.<\/font><\/font><\/span><\/li><li jscontroller=\"vsuOFb\" jsuid=\"GKrRDf_1i\" data-hveid=\"CAEICBAB\" data-complete=\"true\" data-sae=\"\" style=\"margin-bottom: 12px; list-style: disc; padding-inline-start: 4px;\"><span class=\"T286Pc\" data-sfc-cp=\"\" jscontroller=\"fly6D\" jsuid=\"GKrRDf_1j\" data-complete=\"true\"><span class=\"Yjhzub\" jscontroller=\"zYmgkd\" jsuid=\"GKrRDf_1k\" data-complete=\"true\" style=\"font-weight: 700;\"><font dir=\"auto\" style=\"vertical-align: inherit;\"><font dir=\"auto\" style=\"vertical-align: inherit;\">Recurso:<\/font><\/font><\/span><font dir=\"auto\" style=\"vertical-align: inherit;\"><font dir=\"auto\" style=\"vertical-align: inherit;\">&nbsp;Seguir modelos&nbsp;<\/font><\/font><span class=\"T286Pc\" data-sfc-cp=\"\" jscontroller=\"fly6D\" jsuid=\"GKrRDf_1l\" data-complete=\"true\"><font dir=\"auto\" style=\"vertical-align: inherit;\"><font dir=\"auto\" style=\"vertical-align: inherit;\">de miss\u00e3o abrangentes<\/font><\/font><\/span><font dir=\"auto\" style=\"vertical-align: inherit;\"><font dir=\"auto\" style=\"vertical-align: inherit;\">&nbsp;que priorizem a dignidade da comunidade receptora.<\/font><\/font><\/span><\/li><\/ul>\n<h2 style=\"color: rgb(230, 0, 0);\">3. O Pilar da Transforma\u00e7\u00e3o Integral: &#8220;Evangelismo e A\u00e7\u00e3o&#8221;<\/h2>\n<p>A vis\u00e3o deve abranger a pessoa em sua totalidade (alma e corpo), especialmente em contextos de necessidade nas regi\u00f5es peruanas.<\/p><p><strong>Evangelismo<\/strong>: Apoio em escolas b\u00edblicas, oficinas para jovens e discipulado.<\/p><p><strong>A\u00e7\u00e3o social<\/strong>: brigadas m\u00e9dicas, constru\u00e7\u00e3o, ajuda alimentar ou forma\u00e7\u00e3o profissional. Plataformas como <a href=\"https:\/\/bikemisionera.net.pe\/\">BIKE MISIONERA<\/a> a igreja local est\u00e1 no centro do desenvolvimento comunit\u00e1rio.<\/p>\n<h2 style=\"color: rgb(230, 0, 0);\">4. O Pilar da Continuidade: &#8220;Fruto que Permanece&#8221;<\/h2>\n<div class=\"Y3BBE\" data-sfc-cp=\"\" jsaction=\"rcuQ6b:&amp;GKrRDf_2e|npT2md\" jscontroller=\"zcfIf\" jsuid=\"GKrRDf_2e\" data-hveid=\"CAEIDRAA\" data-complete=\"true\" data-processed=\"true\" style=\"font-family: &quot;Google Sans&quot;, Arial, sans-serif; font-size: 16px; line-height: 24px; margin-block: 12px 16px; color: rgb(10, 10, 10);\"><font dir=\"auto\" style=\"vertical-align: inherit;\">A vis\u00e3o fundamental deve rejeitar o impacto de um \u00fanico momento. Uma troca bem-sucedida cria uma ponte duradoura.<\/font><span jsuid=\"GKrRDf_2f\" class=\"txxDge notranslate\" jsaction=\"rcuQ6b:&amp;GKrRDf_2f|npT2md\" jscontroller=\"udAs2b\" data-wiz-uids=\"GKrRDf_2g,GKrRDf_2h\" data-complete=\"true\" data-processed=\"true\" style=\"visibility: hidden;\"><span class=\"vKEkVd\" data-animation-atomic=\"\" data-wiz-attrbind=\"class=GKrRDf_2f\/TKHnVd\" data-sae=\"\" style=\"text-wrap-mode: nowrap; position: relative;\"><span aria-hidden=\"true\"><\/span><button jsuid=\"GKrRDf_2h\" tabindex=\"0\" data-amic=\"true\" data-icl-uuid=\"8b34ba7f-128d-49b2-83c0-9beab11fbcf8\" aria-label=\"Ver v\u00ednculos relacionados\" class=\"rBl3me\" jsaction=\"click:&amp;GKrRDf_2f|S9kKve;mouseenter:&amp;GKrRDf_2f|sbHm2b;mouseleave:&amp;GKrRDf_2f|Tx5Rb\" data-wiz-attrbind=\"disabled=GKrRDf_2f\/C5gNJc;aria-label=GKrRDf_2f\/bOjMyf;class=GKrRDf_2f\/UpSNec\" data-ved=\"2ahUKEwiG5bjsgr6SAxWUqZUCHYbdB5AQye0OegYIAQgNEAE\" style=\"margin-right: 6px; background-color: rgb(233, 235, 240); border-width: initial; border-style: none; border-color: initial; border-radius: 10px; height: 20px; width: 20px; outline: 0px;\"><span class=\"wiMplc ofC0Ud\" style=\"color: rgb(86, 89, 94); display: inline-block; transform: rotate(135deg);\"><svg style=\"margin-top: 3px;\" fill=\"currentColor\" width=\"12px\" height=\"12px\" focusable=\"false\" xmlns=\"http:\/\/www.w3.org\/2000\/svg\" viewBox=\"0 0 24 24\"><path d=\"M3.9 12c0-1.71 1.39-3.1 3.1-3.1h4V7H7c-2.76 0-5 2.24-5 5s2.24 5 5 5h4v-1.9H7c-1.71 0-3.1-1.39-3.1-3.1zM8 13h8v-2H8v2zm9-6h-4v1.9h4c1.71 0 3.1 1.39 3.1 3.1s-1.39 3.1-3.1 3.1h-4V17h4c2.76 0 5-2.24 5-5s-2.24-5-5-5z\"><\/path><\/svg><\/span><\/button><\/span><\/span><\/div><ul class=\"KsbFXc U6u95\" jscontroller=\"mPWODf\" jsuid=\"GKrRDf_2i\" data-complete=\"true\" data-processed=\"true\" style=\"margin-left: 0px; margin-block: 12px 16px; font-family: &quot;Google Sans&quot;, Arial, sans-serif; font-size: 16px; line-height: 24px; padding-inline-start: 16px; color: rgb(10, 10, 10);\"><li jscontroller=\"vsuOFb\" jsuid=\"GKrRDf_2j\" data-hveid=\"CAEIDhAA\" data-complete=\"true\" data-sae=\"\" style=\"margin-bottom: 12px; list-style: disc; padding-inline-start: 4px;\"><span class=\"T286Pc\" data-sfc-cp=\"\" jscontroller=\"fly6D\" jsuid=\"GKrRDf_2k\" data-complete=\"true\"><span class=\"Yjhzub\" jscontroller=\"zYmgkd\" jsuid=\"GKrRDf_2l\" data-complete=\"true\" style=\"font-weight: 700;\"><font dir=\"auto\" style=\"vertical-align: inherit;\"><font dir=\"auto\" style=\"vertical-align: inherit;\">Acompanhamento:<\/font><\/font><\/span><font dir=\"auto\" style=\"vertical-align: inherit;\"><font dir=\"auto\" style=\"vertical-align: inherit;\">&nbsp;Estabelecer sistemas&nbsp;<\/font><\/font><span class=\"T286Pc\" data-sfc-cp=\"\" jscontroller=\"fly6D\" jsuid=\"GKrRDf_2m\" data-complete=\"true\"><font dir=\"auto\" style=\"vertical-align: inherit;\"><font dir=\"auto\" style=\"vertical-align: inherit;\">de comunica\u00e7\u00e3o p\u00f3s-miss\u00e3o<\/font><\/font><\/span><font dir=\"auto\" style=\"vertical-align: inherit;\"><font dir=\"auto\" style=\"vertical-align: inherit;\">&nbsp;para que os volunt\u00e1rios possam continuar orando e apoiando a partir de seus pa\u00edses de origem.<\/font><\/font><\/span><\/li><li jscontroller=\"vsuOFb\" jsuid=\"GKrRDf_2n\" data-hveid=\"CAEIDhAB\" data-complete=\"true\" data-sae=\"\" style=\"margin-bottom: 12px; list-style: disc; padding-inline-start: 4px;\"><span class=\"T286Pc\" data-sfc-cp=\"\" jscontroller=\"fly6D\" jsuid=\"GKrRDf_2o\" data-complete=\"true\"><span class=\"Yjhzub\" jscontroller=\"zYmgkd\" jsuid=\"GKrRDf_2p\" data-complete=\"true\" style=\"font-weight: 700;\"><font dir=\"auto\" style=\"vertical-align: inherit;\"><font dir=\"auto\" style=\"vertical-align: inherit;\">Avalia\u00e7\u00e3o:<\/font><\/font><\/span><font dir=\"auto\" style=\"vertical-align: inherit;\"><font dir=\"auto\" style=\"vertical-align: inherit;\">&nbsp;Medir o impacto real na comunidade para ajustar as futuras caravanas.<\/font><\/font><\/span><\/li><\/ul>\nResumo da Vis\u00e3o:\n&#8220;Ser uma ponte de amor e servi\u00e7o que conecta igrejas ao redor do mundo com comunidades no Peru, facilitando experi\u00eancias transformadoras que glorificam a Deus e fortalecem a igreja local por meio do servi\u00e7o m\u00fatuo.&#8221;\n\n\n","protected":false},"excerpt":{"rendered":"","protected":false},"author":1,"featured_media":0,"parent":0,"menu_order":0,"comment_status":"closed","ping_status":"closed","template":"","meta":{"pagelayer_contact_templates":[],"_pagelayer_content":"","footnotes":""},"class_list":["post-93","page","type-page","status-publish","hentry"],"_links":{"self":[{"href":"https:\/\/intercambiomisionero.org.pe\/index.php?rest_route=\/wp\/v2\/pages\/93","targetHints":{"allow":["GET"]}}],"collection":[{"href":"https:\/\/intercambiomisionero.org.pe\/index.php?rest_route=\/wp\/v2\/pages"}],"about":[{"href":"https:\/\/intercambiomisionero.org.pe\/index.php?rest_route=\/wp\/v2\/types\/page"}],"author":[{"embeddable":true,"href":"https:\/\/intercambiomisionero.org.pe\/index.php?rest_route=\/wp\/v2\/users\/1"}],"replies":[{"embeddable":true,"href":"https:\/\/intercambiomisionero.org.pe\/index.php?rest_route=%2Fwp%2Fv2%2Fcomments&post=93"}],"version-history":[{"count":4,"href":"https:\/\/intercambiomisionero.org.pe\/index.php?rest_route=\/wp\/v2\/pages\/93\/revisions"}],"predecessor-version":[{"id":104,"href":"https:\/\/intercambiomisionero.org.pe\/index.php?rest_route=\/wp\/v2\/pages\/93\/revisions\/104"}],"wp:attachment":[{"href":"https:\/\/intercambiomisionero.org.pe\/index.php?rest_route=%2Fwp%2Fv2%2Fmedia&parent=93"}],"curies":[{"name":"wp","href":"https:\/\/api.w.org\/{rel}","templated":true}]}}