{"id":75,"date":"2026-02-03T18:48:14","date_gmt":"2026-02-03T18:48:14","guid":{"rendered":"https:\/\/intercambiomisionero.org.pe\/?page_id=75"},"modified":"2026-02-17T12:49:45","modified_gmt":"2026-02-17T12:49:45","slug":"saiba-os-primeiros-passos-para-esse-intercambio","status":"publish","type":"page","link":"https:\/\/intercambiomisionero.org.pe\/?page_id=75","title":{"rendered":"PRIMEIROS PASSOS PARA ESSE INTERCAMBIO"},"content":{"rendered":"\n\n\n\n<h2>VIDEO EXPLICATIVO<\/h2>\n\nATENCI\u00d3N IGLESIAS PERUANAS: LA INFORMACI\u00d3N ESTAR\u00c1 DISPONIBLE EN ESTE ENLACE.\n\n<h2><span style=\"color: rgb(10, 10, 10); font-family: &quot;Google Sans&quot;, Arial, sans-serif; font-size: 20px;\">O Sucesso da Miss\u00e3o Come\u00e7a no Primeiro Passo<\/span><\/h2>\n<p>Muitos acreditam que fazer miss\u00f5es \u00e9 apenas &#8220;ir&#8221;, mas a efic\u00e1cia de um interc\u00e2mbio mission\u00e1rio no Peru (ou em qualquer lugar) nasce na prepara\u00e7\u00e3o. Explicar os primeiros passos aos volunt\u00e1rios n\u00e3o \u00e9 apenas uma formalidade log\u00edstica; \u00e9 um ato de cuidado pastoral e responsabilidade estrat\u00e9gica.<\/p><p><strong><\/strong><\/p><span style=\"color:#e60000;\"><p><strong>Por que essa clareza \u00e9 vital?<\/strong><\/p><p><\/p><\/span><p><strong>Alinhamento de Expectativas<\/strong>: O Peru possui uma diversidade cultural e geogr\u00e1fica imensa. Entender o &#8220;como ir&#8221; ajuda o volunt\u00e1rio a trocar o romantismo pela realidade, preparando o cora\u00e7\u00e3o para os desafios da altitude, do clima e das diferen\u00e7as culturais.<\/p><p><strong>Seguran\u00e7a e Log\u00edstica:<\/strong> Um volunt\u00e1rio bem orientado sobre documenta\u00e7\u00e3o necess\u00e1ria e protocolos de sa\u00fade serve com muito mais liberdade e menos riscos.<\/p><p><strong>Respeito \u00e0 Igreja Local:<\/strong> O mission\u00e1rio tempor\u00e1rio vai para somar. Conhecer os primeiros passos de etiqueta cultural e comunica\u00e7\u00e3o evita que o volunt\u00e1rio cause ru\u00eddos desnecess\u00e1rios nas congrega\u00e7\u00f5es peruanas.<\/p><p><strong>Sustentabilidade Espiritual: <\/strong>Ensinar o volunt\u00e1rio a buscar o preparo espiritual pr\u00e9vio garante que ele n\u00e3o chegue exausto, mas sim pronto para ser um canal de b\u00ean\u00e7\u00e3o.<\/p><p>&#8220;A miss\u00e3o n\u00e3o \u00e9 uma corrida de velocidade, mas uma jornada de obedi\u00eancia. Quando explicamos os primeiros passos, estamos desenhando o mapa para que o amor de Cristo chegue ao destino de forma clara e organizada.&#8221;<\/p>\n<h2 style=\"color: rgb(230, 0, 0);\">POR ESSA RAZAO DEPOIS DE SEU PRIMEIRO CONTATO SERA NECESSARIO TER VARIAS REUNIOES ON LINE (SEMANAL) PARA TRATARMOS DO QUE \u00c8 NECESSARIO E DO QUE NAO \u00c8 NECESSARIO.<\/h2>\n\n\n","protected":false},"excerpt":{"rendered":"","protected":false},"author":1,"featured_media":0,"parent":0,"menu_order":0,"comment_status":"closed","ping_status":"closed","template":"","meta":{"pagelayer_contact_templates":[],"_pagelayer_content":"","footnotes":""},"class_list":["post-75","page","type-page","status-publish","hentry"],"_links":{"self":[{"href":"https:\/\/intercambiomisionero.org.pe\/index.php?rest_route=\/wp\/v2\/pages\/75","targetHints":{"allow":["GET"]}}],"collection":[{"href":"https:\/\/intercambiomisionero.org.pe\/index.php?rest_route=\/wp\/v2\/pages"}],"about":[{"href":"https:\/\/intercambiomisionero.org.pe\/index.php?rest_route=\/wp\/v2\/types\/page"}],"author":[{"embeddable":true,"href":"https:\/\/intercambiomisionero.org.pe\/index.php?rest_route=\/wp\/v2\/users\/1"}],"replies":[{"embeddable":true,"href":"https:\/\/intercambiomisionero.org.pe\/index.php?rest_route=%2Fwp%2Fv2%2Fcomments&post=75"}],"version-history":[{"count":7,"href":"https:\/\/intercambiomisionero.org.pe\/index.php?rest_route=\/wp\/v2\/pages\/75\/revisions"}],"predecessor-version":[{"id":161,"href":"https:\/\/intercambiomisionero.org.pe\/index.php?rest_route=\/wp\/v2\/pages\/75\/revisions\/161"}],"wp:attachment":[{"href":"https:\/\/intercambiomisionero.org.pe\/index.php?rest_route=%2Fwp%2Fv2%2Fmedia&parent=75"}],"curies":[{"name":"wp","href":"https:\/\/api.w.org\/{rel}","templated":true}]}}