{"id":25,"date":"2026-02-03T17:30:22","date_gmt":"2026-02-03T17:30:22","guid":{"rendered":"https:\/\/intercambiomisionero.org.pe\/?page_id=25"},"modified":"2026-02-24T17:59:14","modified_gmt":"2026-02-24T17:59:14","slug":"home","status":"publish","type":"page","link":"https:\/\/intercambiomisionero.org.pe\/","title":{"rendered":"HOME"},"content":{"rendered":"\n\n\nOl\u00e1, Pastor! \u00c9 uma alegr\u00eda entrar em contato com sua pessoa. Sabemos que o cora\u00e7\u00e3o de um pastor anseia pela Grande Comiss\u00e3o e que nada fortalece mais a f\u00e9 de um jovem l\u00edder do que ver o poder de Deus em a\u00e7\u00e3o em outra cultura\nPara as ag\u00eancias que j\u00e1 treinam trabalhadores, o valor desta parceria reside n\u00e3o apenas no destino, mas tamb\u00e9m na qualidade da forma\u00e7\u00e3o antes do destacamento final. O interior do Peru serve como um &#8220;laborat\u00f3rio de f\u00e9&#8221; ideal para o desenvolvimento da resili\u00eancia e da adaptabilidade intercultural.\n&#8220;Voc\u00ea j\u00e1 sentiu que seu prop\u00f3sito vai al\u00e9m das fronteiras que conhece? Nas montanhas dos Andes e nas comunidades remotas do Peru, igrejas locais trabalham incansavelmente para levar esperan\u00e7a, mas a colheita \u00e9 grande e os trabalhadores s\u00e3o poucos. Atenda ao chamado de Marcos 16:15 e venha servir em uma miss\u00e3o tempor\u00e1ria. N\u00e3o se trata apenas de ir, mas de se tornar um instrumento de transforma\u00e7\u00e3o enquanto vive uma cultura rica e apaixonante. Sua disponibilidade \u00e9 o que Deus pede hoje. Vamos juntos?&#8221;\nPastor, el altar de su iglesia se fortalece entre las naciones. La Biblia dice que &#8220;la mies es mucha&#8221;, y los obreros pueden beneficiarse al salir de su zona de confort para escuchar con claridad la voz de Dios. Su iglesia es un lugar de desarrollo espiritual donde el car\u00e1cter puede ser probado y el llamado puede ser fortalecido por el Esp\u00edritu Santo.\n<h2 style=\"color: rgb(230, 0, 0);\">TEXTOS DE NOSSO BLOG<\/h2>\n{&#8220;title&#8221;:&#8221;&#8221;,&#8221;number&#8221;:&#8221;50&#8243;,&#8221;show_date&#8221;:&#8221;1&#8243;}\n<h2><font dir=\"auto\" style=\"vertical-align: inherit;\"><font dir=\"auto\" style=\"vertical-align: inherit; color: rgb(230, 0, 0);\">Participaci\u00f3n de nuestras redes sociales<\/font><\/font><\/h2>\n\n\n\n\n\n\n\n\n\n\n\nTESTEMUNHOS\n\n\n\nMUDOU MINHA CONCEPCAO DE CRISTIANISMO E MINHA RELACAO COM DEUS\n\n\nEXPERIENCIA SU REAL NUNCA MAIS MINHA RELACAO COM DEUS FOI A MESMA. HOJE SIRVO A JESUS EM TODO LUGAR E TEMPO\n\n\nME PREPAROU DE FORMA ESPECIAL MINHA PREPARACAO MISSIONARIA.\n\n\n\n\n\n\n{&#8220;name_widget&#8221;:&#8221;&#8221;,&#8221;wp_statistics_control_widget_submit&#8221;:&#8221;1&#8243;}\n\n\n\n\nPUERTO MALDONADO\n\n\n\n\n<iframe loading=\"lazy\" src=\"https:\/\/calendar.google.com\/calendar\/embed?src=intercambiomisioneroperu%40gmail.com&#038;ctz=America%2FSao_Paulo\" style=\"border: 0\" width=\"800\" height=\"600\" frameborder=\"0\" scrolling=\"no\"><\/iframe>\n\n\n","protected":false},"excerpt":{"rendered":"","protected":false},"author":1,"featured_media":0,"parent":0,"menu_order":0,"comment_status":"closed","ping_status":"closed","template":"","meta":{"pagelayer_contact_templates":[],"_pagelayer_content":"","footnotes":""},"class_list":["post-25","page","type-page","status-publish","hentry"],"_links":{"self":[{"href":"https:\/\/intercambiomisionero.org.pe\/index.php?rest_route=\/wp\/v2\/pages\/25","targetHints":{"allow":["GET"]}}],"collection":[{"href":"https:\/\/intercambiomisionero.org.pe\/index.php?rest_route=\/wp\/v2\/pages"}],"about":[{"href":"https:\/\/intercambiomisionero.org.pe\/index.php?rest_route=\/wp\/v2\/types\/page"}],"author":[{"embeddable":true,"href":"https:\/\/intercambiomisionero.org.pe\/index.php?rest_route=\/wp\/v2\/users\/1"}],"replies":[{"embeddable":true,"href":"https:\/\/intercambiomisionero.org.pe\/index.php?rest_route=%2Fwp%2Fv2%2Fcomments&post=25"}],"version-history":[{"count":17,"href":"https:\/\/intercambiomisionero.org.pe\/index.php?rest_route=\/wp\/v2\/pages\/25\/revisions"}],"predecessor-version":[{"id":216,"href":"https:\/\/intercambiomisionero.org.pe\/index.php?rest_route=\/wp\/v2\/pages\/25\/revisions\/216"}],"wp:attachment":[{"href":"https:\/\/intercambiomisionero.org.pe\/index.php?rest_route=%2Fwp%2Fv2%2Fmedia&parent=25"}],"curies":[{"name":"wp","href":"https:\/\/api.w.org\/{rel}","templated":true}]}}