{"id":22,"date":"2026-02-03T17:29:40","date_gmt":"2026-02-03T17:29:40","guid":{"rendered":"https:\/\/intercambiomisionero.org.pe\/?page_id=22"},"modified":"2026-02-17T13:01:17","modified_gmt":"2026-02-17T13:01:17","slug":"iglesias-peruanas","status":"publish","type":"page","link":"https:\/\/intercambiomisionero.org.pe\/?page_id=22","title":{"rendered":"IGLESIAS PERUANAS"},"content":{"rendered":"\n\n\n\n<h2 style=\"color: rgb(230, 0, 0);\">Una invitaci\u00f3n para fortalecer nuestra misi\u00f3n juntos<\/h2>\n<p class=\"MsoNormal\" style=\"margin-bottom: 0pt; line-height: 18pt; background-image: initial; background-position: initial; background-size: initial; background-repeat: initial; background-attachment: initial; background-origin: initial; background-clip: initial;\"><span style=\"mso-spacerun:'yes';font-family:Arial;mso-fareast-font-family:'Times New Roman';\ncolor:rgb(10,10,10);font-size:12.0000pt;\">Estimado Pastor ,<\/span><span style=\"mso-spacerun:'yes';font-family:Arial;mso-fareast-font-family:'Times New Roman';\ncolor:rgb(10,10,10);font-size:12.0000pt;\"><o:p><\/o:p><\/span><\/p><p class=\"MsoNormal\" style=\"margin-bottom: 0pt; line-height: 18pt; background-image: initial; background-position: initial; background-size: initial; background-repeat: initial; background-attachment: initial; background-origin: initial; background-clip: initial;\"><span style=\"mso-spacerun:'yes';font-family:Arial;mso-fareast-font-family:'Times New Roman';\ncolor:rgb(10,10,10);font-size:12.0000pt;\">Reciba un saludo fraternal en el nombre de nuestro Se\u00f1or Jesucristo. Deseamos que Su gracia y bendici\u00f3n sigan guiando cada paso de su ministerio<\/span><\/p><p class=\"MsoNormal\" style=\"margin-bottom: 0pt; line-height: 18pt; background-image: initial; background-position: initial; background-size: initial; background-repeat: initial; background-attachment: initial; background-origin: initial; background-clip: initial;\"><span style=\"mso-spacerun:'yes';font-family:Arial;mso-fareast-font-family:'Times New Roman';\ncolor:rgb(10,10,10);font-size:12.0000pt;\">Nos dirigimos a usted desde la&nbsp;<\/span><b><span style=\"font-family: Arial; color: rgb(10, 10, 10); font-size: 12pt;\">ONG Intercambio Misionero<\/span><\/b><span style=\"mso-spacerun:'yes';font-family:Arial;mso-fareast-font-family:'Times New Roman';\ncolor:rgb(10,10,10);font-size:12.0000pt;\">&nbsp;con una propuesta especial: abrir las puertas de su comunidad para recibir a misioneros y trabajadores brasile\u00f1os. No se trata solo de apoyo log\u00edstico, sino de una&nbsp;<\/span><b><span style=\"font-family: Arial; color: rgb(10, 10, 10); font-size: 12pt;\">experiencia personal de hermandad<\/span><\/b><span style=\"mso-spacerun:'yes';font-family:Arial;mso-fareast-font-family:'Times New Roman';\ncolor:rgb(10,10,10);font-size:12.0000pt;\">&nbsp;donde el intercambio de talentos, oraciones y testimonios renovar\u00e1 la visi\u00f3n de ambas partes.<\/span><span style=\"mso-spacerun:'yes';font-family:Arial;mso-fareast-font-family:'Times New Roman';\ncolor:rgb(10,10,10);font-size:12.0000pt;\"><o:p><\/o:p><\/span><\/p><p class=\"MsoNormal\" style=\"margin-bottom: 0pt; line-height: 18pt; background-image: initial; background-position: initial; background-size: initial; background-repeat: initial; background-attachment: initial; background-origin: initial; background-clip: initial;\"><b><span style=\"font-family: Arial; color: rgb(10, 10, 10); font-size: 12pt;\"><br><\/span><\/b><\/p>\n<h2><span style=\"color:#e60000;\">\u00bfPor qu\u00e9 recibir a un misionero brasile\u00f1o?<\/span>\n\n<\/h2>\n<p class=\"MsoNormal\" style=\"margin-bottom: 9pt; margin-left: 18pt; text-indent: -18pt; line-height: 18pt; background-image: initial; background-position: initial; background-size: initial; background-repeat: initial; background-attachment: initial; background-origin: initial; background-clip: initial;\"><span style=\"font-family:Symbol;mso-fareast-font-family:'Times New Roman';mso-bidi-font-family:Arial;\ncolor:rgb(10,10,10);font-weight:bold;font-size:10.0000pt;\">\u00b7&nbsp;<\/span><!--[endif]--><b><span style=\"font-family: Arial; color: rgb(10, 10, 10); font-size: 12pt;\">Colaboraci\u00f3n en el Campo:<\/span><\/b><span style=\"mso-spacerun:'yes';font-family:Arial;mso-fareast-font-family:'Times New Roman';\ncolor:rgb(10,10,10);font-size:12.0000pt;\">&nbsp;Apoyo en actividades de evangelismo, ferias de salud, ense\u00f1anza y servicio comunitario.<\/span><span style=\"mso-spacerun:'yes';font-family:Arial;mso-fareast-font-family:'Times New Roman';\ncolor:rgb(10,10,10);font-size:12.0000pt;\"><o:p><\/o:p><\/span><\/p><p class=\"MsoNormal\" style=\"margin-bottom: 9pt; margin-left: 18pt; text-indent: -18pt; line-height: 18pt; background-image: initial; background-position: initial; background-size: initial; background-repeat: initial; background-attachment: initial; background-origin: initial; background-clip: initial;\"><!--[if !supportLists]--><span style=\"font-family:Symbol;mso-fareast-font-family:'Times New Roman';mso-bidi-font-family:Arial;\ncolor:rgb(10,10,10);font-weight:bold;font-size:10.0000pt;\">\u00b7&nbsp;<\/span><!--[endif]--><b><span style=\"font-family: Arial; color: rgb(10, 10, 10); font-size: 12pt;\">Fortalecimiento Espiritual:<\/span><\/b><span style=\"mso-spacerun:'yes';font-family:Arial;mso-fareast-font-family:'Times New Roman';\ncolor:rgb(10,10,10);font-size:12.0000pt;\">&nbsp;Un tiempo para orar juntos por puertas abiertas y valent\u00eda para testificar.<\/span><span style=\"mso-spacerun:'yes';font-family:Arial;mso-fareast-font-family:'Times New Roman';\ncolor:rgb(10,10,10);font-size:12.0000pt;\"><o:p><\/o:p><\/span><\/p><p class=\"MsoNormal\" style=\"margin-bottom: 9pt; margin-left: 18pt; text-indent: -18pt; line-height: 18pt; background-image: initial; background-position: initial; background-size: initial; background-repeat: initial; background-attachment: initial; background-origin: initial; background-clip: initial;\"><!--[if !supportLists]--><span style=\"font-family:Symbol;mso-fareast-font-family:'Times New Roman';mso-bidi-font-family:Arial;\ncolor:rgb(10,10,10);font-weight:bold;font-size:10.0000pt;\">\u00b7&nbsp;<\/span><!--[endif]--><b><span style=\"font-family: Arial; color: rgb(10, 10, 10); font-size: 12pt;\">Unidad Regional:<\/span><\/b><span style=\"mso-spacerun:'yes';font-family:Arial;mso-fareast-font-family:'Times New Roman';\ncolor:rgb(10,10,10);font-size:12.0000pt;\">&nbsp;Cumplir juntos el mandato de llevar el Evangelio sin fronteras, uniendo dos naciones con un mismo prop\u00f3sito.<\/span><span style=\"mso-spacerun:'yes';font-family:Arial;mso-fareast-font-family:'Times New Roman';\ncolor:rgb(10,10,10);font-size:12.0000pt;\"><o:p><\/o:p><\/span><\/p><p class=\"MsoNormal\" style=\"margin-bottom: 0pt; line-height: 18pt; background-image: initial; background-position: initial; background-size: initial; background-repeat: initial; background-attachment: initial; background-origin: initial; background-clip: initial;\"><span style=\"mso-spacerun:'yes';font-family:Arial;mso-fareast-font-family:'Times New Roman';\ncolor:rgb(10,10,10);font-size:12.0000pt;\">Estamos listos para coordinar los detalles de alojamiento y objetivos espec\u00edficos de la visita para que esta sea de gran bendici\u00f3n para su congregaci\u00f3n.<\/span><span style=\"mso-spacerun:'yes';font-family:Arial;mso-fareast-font-family:'Times New Roman';\ncolor:rgb(10,10,10);font-size:12.0000pt;\"><o:p><\/o:p><\/span><\/p><p class=\"MsoNormal\" style=\"margin-bottom: 0pt; line-height: 18pt; background-image: initial; background-position: initial; background-size: initial; background-repeat: initial; background-attachment: initial; background-origin: initial; background-clip: initial;\"><span style=\"mso-spacerun:'yes';font-family:Arial;mso-fareast-font-family:'Times New Roman';\ncolor:rgb(10,10,10);font-size:12.0000pt;\">\u00bfPodr\u00edamos conversar brevemente sobre c\u00f3mo integrar esta visi\u00f3n en su iglesia? Quedamos a su disposici\u00f3n para cualquier consulta a trav\u00e9s de nuestros canales oficiales.<\/span><span style=\"mso-spacerun:'yes';font-family:Arial;mso-fareast-font-family:'Times New Roman';\ncolor:rgb(10,10,10);font-size:12.0000pt;\"><o:p><\/o:p><\/span><\/p><p class=\"MsoNormal\" style=\"margin-bottom: 0pt; line-height: 18pt; background-image: initial; background-position: initial; background-size: initial; background-repeat: initial; background-attachment: initial; background-origin: initial; background-clip: initial;\"><span style=\"mso-spacerun:'yes';font-family:Arial;mso-fareast-font-family:'Times New Roman';\ncolor:rgb(10,10,10);font-size:12.0000pt;\">En Cristo,<\/span><span style=\"mso-spacerun:'yes';font-family:Arial;mso-fareast-font-family:'Times New Roman';\ncolor:rgb(10,10,10);font-size:12.0000pt;\"><o:p><\/o:p><\/span><\/p><p class=\"MsoNormal\" style=\"margin-bottom: 0pt; line-height: 18pt; background-image: initial; background-position: initial; background-size: initial; background-repeat: initial; background-attachment: initial; background-origin: initial; background-clip: initial;\"><span style=\"mso-spacerun:'yes';font-family:Arial;mso-fareast-font-family:'Times New Roman';\ncolor:rgb(10,10,10);font-size:12.0000pt;\"><b>Jose Eduardo Viana<\/b><br><\/span><b><span style=\"font-family: Arial; color: rgb(10, 10, 10); font-size: 12pt;\">Intercambio Misionero<\/span><\/b><span style=\"mso-spacerun:'yes';font-family:Arial;mso-fareast-font-family:'Times New Roman';\ncolor:rgb(10,10,10);font-size:12.0000pt;\"><o:p><\/o:p><\/span><\/p>\n<h2 style=\"color: rgb(230, 0, 0);\">CLICA AQUI PARA MAS DETALLOS<\/h2>\n\n\n\n","protected":false},"excerpt":{"rendered":"","protected":false},"author":1,"featured_media":0,"parent":0,"menu_order":0,"comment_status":"closed","ping_status":"closed","template":"","meta":{"pagelayer_contact_templates":[],"_pagelayer_content":"","footnotes":""},"class_list":["post-22","page","type-page","status-publish","hentry"],"_links":{"self":[{"href":"https:\/\/intercambiomisionero.org.pe\/index.php?rest_route=\/wp\/v2\/pages\/22","targetHints":{"allow":["GET"]}}],"collection":[{"href":"https:\/\/intercambiomisionero.org.pe\/index.php?rest_route=\/wp\/v2\/pages"}],"about":[{"href":"https:\/\/intercambiomisionero.org.pe\/index.php?rest_route=\/wp\/v2\/types\/page"}],"author":[{"embeddable":true,"href":"https:\/\/intercambiomisionero.org.pe\/index.php?rest_route=\/wp\/v2\/users\/1"}],"replies":[{"embeddable":true,"href":"https:\/\/intercambiomisionero.org.pe\/index.php?rest_route=%2Fwp%2Fv2%2Fcomments&post=22"}],"version-history":[{"count":5,"href":"https:\/\/intercambiomisionero.org.pe\/index.php?rest_route=\/wp\/v2\/pages\/22\/revisions"}],"predecessor-version":[{"id":169,"href":"https:\/\/intercambiomisionero.org.pe\/index.php?rest_route=\/wp\/v2\/pages\/22\/revisions\/169"}],"wp:attachment":[{"href":"https:\/\/intercambiomisionero.org.pe\/index.php?rest_route=%2Fwp%2Fv2%2Fmedia&parent=22"}],"curies":[{"name":"wp","href":"https:\/\/api.w.org\/{rel}","templated":true}]}}