{"id":19,"date":"2026-02-03T17:29:22","date_gmt":"2026-02-03T17:29:22","guid":{"rendered":"https:\/\/intercambiomisionero.org.pe\/?page_id=19"},"modified":"2026-02-10T18:29:01","modified_gmt":"2026-02-10T18:29:01","slug":"voluntarios","status":"publish","type":"page","link":"https:\/\/intercambiomisionero.org.pe\/?page_id=19","title":{"rendered":"VOLUNTARIOS"},"content":{"rendered":"\n\n\n\n<h2>VOLUNTARIOS<\/h2>\n<h2>VIDEO EXPLICATIVO<\/h2>\n\n<h2 style=\"color: rgb(230, 0, 0);\">Voc\u00ea sente o chamado? Seja um mission\u00e1rio tempor\u00e1rio no cora\u00e7\u00e3o do Peru.<\/h2>\n<p class=\"MsoNormal\">Sabemos que o desejo de servir arde em seu cora\u00e7\u00e3o e que, \u00e0s\nvezes, tudo o que \u00e9 preciso \u00e9 a ponte certa para chegar ao campo mission\u00e1rio.\nNa ONG Intercambio Misionero, acreditamos que voc\u00ea n\u00e3o precisa fazer parte de\numa grande organiza\u00e7\u00e3o para fazer a diferen\u00e7a; basta ter disposi\u00e7\u00e3o, f\u00e9 e um\nprop\u00f3sito claro.<o:p><\/o:p><\/p><p class=\"MsoNormal\">Convidamos voc\u00ea a participar de nossas miss\u00f5es tempor\u00e1rias\nno Peru, uma oportunidade criada para candidatos independentes que desejam ter\numa experi\u00eancia intercultural profunda, apoiando comunidades locais em \u00e1reas\ncomo:<o:p><\/o:p><\/p><p class=\"MsoNormal\"><strong>Servi\u00e7o Comunit\u00e1rio<\/strong>: De projetos de constru\u00e7\u00e3o a oficinas de\nsa\u00fade.<o:p><\/o:p><\/p><p class=\"MsoNormal\"><strong>Ensino e Discipulado<\/strong>: Compartilhando a mensagem com\ncrian\u00e7as, jovens e fam\u00edlias.<o:p><\/o:p><\/p><p class=\"MsoNormal\"><strong>Troca de Talentos<\/strong>: Colocando suas habilidades profissionais\nou t\u00e9cnicas a servi\u00e7o do Reino.<o:p><\/o:p><\/p><p class=\"MsoNormal\"><strong><\/strong><\/p><span style=\"color:#e60000;\"><p class=\"MsoNormal\"><strong>O que oferecemos?<\/strong><\/p><span style=\"\"><p class=\"MsoNormal\"><o:p><\/o:p><\/p><p class=\"MsoNormal\"><\/p><\/span><p class=\"MsoNormal\"><\/p><\/span><p class=\"MsoNormal\">Voc\u00ea n\u00e3o ir\u00e1 sozinho. N\u00f3s fornecemos a estrutura log\u00edstica,\na conex\u00e3o com pastores locais e a orienta\u00e7\u00e3o necess\u00e1ria para garantir que seu\nservi\u00e7o seja eficaz e seguro. \u00c9 hora de transformar sua inten\u00e7\u00e3o em a\u00e7\u00e3o e ver\nem primeira m\u00e3o como Deus est\u00e1 agindo nas regi\u00f5es mais necessitadas do Peru.<o:p><\/o:p><\/p><p>\n\n\n\n\n\n\n\n\n\n\n\n\n\n<\/p><p class=\"MsoNormal\">Voc\u00ea est\u00e1 pronto para dar esse passo? Se voc\u00ea sente que este\n\u00e9 o seu momento, queremos conhec\u00ea-lo(a). O interior do Peru o(a) aguarda de\nbra\u00e7os abertos.<\/p>\n<p class=\"MsoNormal\">Em Cristo,<\/p>\n<p class=\"MsoNormal\"><o:p><\/o:p><\/p><p>\n\n<span style=\"font-size:11.0pt;line-height:107%;font-family:&quot;Calibri&quot;,sans-serif;\nmso-ascii-theme-font:minor-latin;mso-fareast-font-family:Calibri;mso-fareast-theme-font:\nminor-latin;mso-hansi-theme-font:minor-latin;mso-bidi-font-family:&quot;Times New Roman&quot;;\nmso-bidi-theme-font:minor-bidi;mso-ansi-language:ES;mso-fareast-language:EN-US;\nmso-bidi-language:AR-SA\">Jose Eduardo Viana<\/span><\/p>\n<p><span style=\"font-size:11.0pt;line-height:107%;font-family:&quot;Calibri&quot;,sans-serif;\nmso-ascii-theme-font:minor-latin;mso-fareast-font-family:Calibri;mso-fareast-theme-font:\nminor-latin;mso-hansi-theme-font:minor-latin;mso-bidi-font-family:&quot;Times New Roman&quot;;\nmso-bidi-theme-font:minor-bidi;mso-ansi-language:ES;mso-fareast-language:EN-US;\nmso-bidi-language:AR-SA\">A Equipe de Interc\u00e2mbio Mission\u00e1rio<\/span><\/p>\n\n\n\n","protected":false},"excerpt":{"rendered":"","protected":false},"author":1,"featured_media":0,"parent":0,"menu_order":0,"comment_status":"closed","ping_status":"closed","template":"","meta":{"pagelayer_contact_templates":[],"_pagelayer_content":"","footnotes":""},"class_list":["post-19","page","type-page","status-publish","hentry"],"_links":{"self":[{"href":"https:\/\/intercambiomisionero.org.pe\/index.php?rest_route=\/wp\/v2\/pages\/19","targetHints":{"allow":["GET"]}}],"collection":[{"href":"https:\/\/intercambiomisionero.org.pe\/index.php?rest_route=\/wp\/v2\/pages"}],"about":[{"href":"https:\/\/intercambiomisionero.org.pe\/index.php?rest_route=\/wp\/v2\/types\/page"}],"author":[{"embeddable":true,"href":"https:\/\/intercambiomisionero.org.pe\/index.php?rest_route=\/wp\/v2\/users\/1"}],"replies":[{"embeddable":true,"href":"https:\/\/intercambiomisionero.org.pe\/index.php?rest_route=%2Fwp%2Fv2%2Fcomments&post=19"}],"version-history":[{"count":6,"href":"https:\/\/intercambiomisionero.org.pe\/index.php?rest_route=\/wp\/v2\/pages\/19\/revisions"}],"predecessor-version":[{"id":108,"href":"https:\/\/intercambiomisionero.org.pe\/index.php?rest_route=\/wp\/v2\/pages\/19\/revisions\/108"}],"wp:attachment":[{"href":"https:\/\/intercambiomisionero.org.pe\/index.php?rest_route=%2Fwp%2Fv2%2Fmedia&parent=19"}],"curies":[{"name":"wp","href":"https:\/\/api.w.org\/{rel}","templated":true}]}}