{"id":172,"date":"2026-02-17T13:03:24","date_gmt":"2026-02-17T13:03:24","guid":{"rendered":"https:\/\/intercambiomisionero.org.pe\/?page_id=172"},"modified":"2026-02-19T23:28:13","modified_gmt":"2026-02-19T23:28:13","slug":"mensagens-e-pregacoes","status":"publish","type":"page","link":"https:\/\/intercambiomisionero.org.pe\/?page_id=172","title":{"rendered":"MENSAGENS E PREGA\u00c7OES"},"content":{"rendered":"\n\n\n<h2 style=\"color: rgb(230, 0, 0);\">NESTA P\u00c1GINA VOC\u00ca ENCONTRAR\u00c1 OS SERM\u00d5ES E MENSAGENS DO INTERC\u00c2MBIO MISSION\u00c1RIO<\/h2>\n<h2 style=\"color: rgb(0, 138, 0);\">S\u00e9rie Dons e Talentos<\/h2>\n\n01 Lucas o medico amado\n02 IM Bezalel e Aoliabe\n03 Erasto: O Administrador P\u00fablico\/Tesoureiro\n04 IM Paulo, Priscila e Aquila\n\n\n\n","protected":false},"excerpt":{"rendered":"","protected":false},"author":2,"featured_media":0,"parent":0,"menu_order":0,"comment_status":"closed","ping_status":"closed","template":"","meta":{"pagelayer_contact_templates":[],"_pagelayer_content":"","footnotes":""},"class_list":["post-172","page","type-page","status-publish","hentry"],"_links":{"self":[{"href":"https:\/\/intercambiomisionero.org.pe\/index.php?rest_route=\/wp\/v2\/pages\/172","targetHints":{"allow":["GET"]}}],"collection":[{"href":"https:\/\/intercambiomisionero.org.pe\/index.php?rest_route=\/wp\/v2\/pages"}],"about":[{"href":"https:\/\/intercambiomisionero.org.pe\/index.php?rest_route=\/wp\/v2\/types\/page"}],"author":[{"embeddable":true,"href":"https:\/\/intercambiomisionero.org.pe\/index.php?rest_route=\/wp\/v2\/users\/2"}],"replies":[{"embeddable":true,"href":"https:\/\/intercambiomisionero.org.pe\/index.php?rest_route=%2Fwp%2Fv2%2Fcomments&post=172"}],"version-history":[{"count":7,"href":"https:\/\/intercambiomisionero.org.pe\/index.php?rest_route=\/wp\/v2\/pages\/172\/revisions"}],"predecessor-version":[{"id":214,"href":"https:\/\/intercambiomisionero.org.pe\/index.php?rest_route=\/wp\/v2\/pages\/172\/revisions\/214"}],"wp:attachment":[{"href":"https:\/\/intercambiomisionero.org.pe\/index.php?rest_route=%2Fwp%2Fv2%2Fmedia&parent=172"}],"curies":[{"name":"wp","href":"https:\/\/api.w.org\/{rel}","templated":true}]}}