{"id":16,"date":"2026-02-03T17:28:59","date_gmt":"2026-02-03T17:28:59","guid":{"rendered":"https:\/\/intercambiomisionero.org.pe\/?page_id=16"},"modified":"2026-02-17T12:45:21","modified_gmt":"2026-02-17T12:45:21","slug":"agencias-missionarias-brasileiras","status":"publish","type":"page","link":"https:\/\/intercambiomisionero.org.pe\/?page_id=16","title":{"rendered":"AGENCIAS MISSIONARIAS BRASILEIRAS"},"content":{"rendered":"\n\n\n\n<h2 style=\"color: rgb(230, 0, 0);\">Fortalecendo a Forma\u00e7\u00e3o de Seus Mission\u00e1rios: Alian\u00e7a Estrat\u00e9gica com a INTERCAMBIO MISIONERO&nbsp;<\/h2>\n\n<h2><span style=\"color:#e60000;\">Prezados Diretores e L\u00edderes,<\/span>\n\n<\/h2>\n<p class=\"MsoNormal\">Para as ag\u00eancias que j\u00e1 treinam trabalhadores, o valor desta\nparceria reside n\u00e3o apenas no destino, mas tamb\u00e9m na qualidade da forma\u00e7\u00e3o\nantes do destacamento final. O interior do Peru serve como um &#8220;laborat\u00f3rio\nde f\u00e9&#8221; ideal para o desenvolvimento da resili\u00eancia e da adaptabilidade\nintercultural.<\/p>\n<p class=\"MsoNormal\">Sabemos que a forma\u00e7\u00e3o acad\u00eamica \u00e9 fundamental, mas nada\nprepara um mission\u00e1rio para o trabalho em campo melhor do que a experi\u00eancia\npr\u00e1tica e concreta. Na ONG Intercambio Misionero, queremos ser o bra\u00e7o pr\u00e1tico do\nseu programa de treinamento.<\/p><p class=\"MsoNormal\"><o:p>&nbsp;<\/o:p>Propomos uma alian\u00e7a estrat\u00e9gica para que seus alunos e\ncandidatos possam realizar seu est\u00e1gio intercultural no Peru. Nosso territ\u00f3rio\noferece uma diversidade geogr\u00e1fica e cultural \u00fanica (selva, serra e litoral),\ntornando-o o cen\u00e1rio perfeito para desenvolver habilidades que ser\u00e3o \u00fateis em\nqualquer lugar do mundo.<\/p>\n<h2> <span style=\"color:#e60000;\">Por que escolher o interior do Peru como centro de treinamento?<\/span>\n\n<\/h2>\n<p class=\"MsoNormal\"><o:p>&nbsp;<\/o:p><strong>Extrema Adaptabilidade<\/strong>: Os alunos aprendem a servir em\ndiversos contextos geogr\u00e1ficos e sociais.<\/p><p class=\"MsoNormal\"><o:p>&nbsp;<\/o:p><strong>Mentoria Pr\u00e1tica<\/strong>: Supervis\u00e3o constante e contato direto com\npastores locais com anos de experi\u00eancia.<\/p><p class=\"MsoNormal\"><o:p>&nbsp;<\/o:p><strong>Sele\u00e7\u00e3o e Avalia\u00e7\u00e3o de Car\u00e1ter:<\/strong> Uma etapa pr\u00e1tica de\navalia\u00e7\u00e3o que ajuda sua ag\u00eancia a identificar a maturidade e a verdadeira\nvoca\u00e7\u00e3o de um candidato antes de uma designa\u00e7\u00e3o de longo prazo.<\/p><p class=\"MsoNormal\"><o:p>&nbsp;<\/o:p>Estamos comprometidos em trabalhar juntos para avan\u00e7ar a\nGrande Comiss\u00e3o com mission\u00e1rios mais bem preparados e experientes. Gostar\u00edamos\nmuito de agendar uma reuni\u00e3o para mostrar como nossos programas no Peru podem\nser integrados ao curr\u00edculo da sua ag\u00eancia.<\/p><p class=\"MsoNormal\">Juntos, enviamos mission\u00e1rios mais capacitados.<\/p><p class=\"MsoNormal\">Atenciosamente,<o:p><\/o:p><\/p><p class=\"MsoNormal\">JOSE EDUARDO VIANA<o:p><\/o:p><\/p><p>\n\n\n\n\n\n\n\n\n\n\n\n\n\n\n\n\n\n\n\n\n\n\n\n\n\n\n\n\n\n\n\n\n\n\n\n<span style=\"font-size:11.0pt;line-height:107%;font-family:&quot;Calibri&quot;,sans-serif;\nmso-ascii-theme-font:minor-latin;mso-fareast-font-family:Calibri;mso-fareast-theme-font:\nminor-latin;mso-hansi-theme-font:minor-latin;mso-bidi-font-family:&quot;Times New Roman&quot;;\nmso-bidi-theme-font:minor-bidi;mso-ansi-language:ES;mso-fareast-language:EN-US;\nmso-bidi-language:AR-SA\">Interc\u00e2mbio Mission\u00e1rio<\/span><\/p>\n<p class=\"MsoNormal\"><span style=\"font-family: Calibri, sans-serif; font-size: 11pt;\">Interc\u00e2mbio Mission\u00e1rio<\/span><\/p>\n\n\n\n","protected":false},"excerpt":{"rendered":"","protected":false},"author":1,"featured_media":0,"parent":0,"menu_order":0,"comment_status":"closed","ping_status":"closed","template":"","meta":{"pagelayer_contact_templates":[],"_pagelayer_content":"","footnotes":""},"class_list":["post-16","page","type-page","status-publish","hentry"],"_links":{"self":[{"href":"https:\/\/intercambiomisionero.org.pe\/index.php?rest_route=\/wp\/v2\/pages\/16","targetHints":{"allow":["GET"]}}],"collection":[{"href":"https:\/\/intercambiomisionero.org.pe\/index.php?rest_route=\/wp\/v2\/pages"}],"about":[{"href":"https:\/\/intercambiomisionero.org.pe\/index.php?rest_route=\/wp\/v2\/types\/page"}],"author":[{"embeddable":true,"href":"https:\/\/intercambiomisionero.org.pe\/index.php?rest_route=\/wp\/v2\/users\/1"}],"replies":[{"embeddable":true,"href":"https:\/\/intercambiomisionero.org.pe\/index.php?rest_route=%2Fwp%2Fv2%2Fcomments&post=16"}],"version-history":[{"count":9,"href":"https:\/\/intercambiomisionero.org.pe\/index.php?rest_route=\/wp\/v2\/pages\/16\/revisions"}],"predecessor-version":[{"id":159,"href":"https:\/\/intercambiomisionero.org.pe\/index.php?rest_route=\/wp\/v2\/pages\/16\/revisions\/159"}],"wp:attachment":[{"href":"https:\/\/intercambiomisionero.org.pe\/index.php?rest_route=%2Fwp%2Fv2%2Fmedia&parent=16"}],"curies":[{"name":"wp","href":"https:\/\/api.w.org\/{rel}","templated":true}]}}