{"id":13,"date":"2026-02-03T17:28:25","date_gmt":"2026-02-03T17:28:25","guid":{"rendered":"https:\/\/intercambiomisionero.org.pe\/?page_id=13"},"modified":"2026-02-10T18:27:10","modified_gmt":"2026-02-10T18:27:10","slug":"pastores-brasileiros","status":"publish","type":"page","link":"https:\/\/intercambiomisionero.org.pe\/?page_id=13","title":{"rendered":"PASTORES BRASILEIROS"},"content":{"rendered":"\n\n\n\n<h2>VIDEO APRESENTACAO<\/h2>\n\n<h2>Ol\u00e1, Pastor! \u00c9 uma alegr\u00eda entrar em contato com sua pessoa. Sabemos que o cora\u00e7\u00e3o de um pastor anseia pela Grande Comiss\u00e3o e que nada fortalece mais a f\u00e9 de um jovem l\u00edder do que ver o poder de Deus em a\u00e7\u00e3o em outra cultura.<\/h2>\n<h2><span style=\"color:#e60000;\">Da Igreja Local \u00e0s Na\u00e7\u00f5es: O Peru Aguarda Seus Obreiros!<\/span>\n\n<\/h2>\n<p class=\"MsoNormal\">Prezado Pastor e Amigo,<\/p><p class=\"MsoNormal\">Voc\u00ea sabe que a vis\u00e3o mission\u00e1ria n\u00e3o se ensina apenas em\nlivros; ela \u00e9 forjada no campo. O Brasil tem sido um ber\u00e7o de avivamento, e\nhoje temos o privil\u00e9gio de ser uma ponte de b\u00ean\u00e7\u00e3o para nossos vizinhos. O Peru\n\u00e9 um campo maduro, com desafios geogr\u00e1ficos e culturais \u00fanicos que transformam\no car\u00e1ter de qualquer candidato ao minist\u00e9rio.<\/p><p class=\"MsoNormal\">Queremos convidar seus futuros obreiros e jovens com chamado\npara darem o pr\u00f3ximo passo conosco. Atrav\u00e9s do Interc\u00e2mbio Mission\u00e1rio,\noferecemos uma estrutura de apoio segura e estrat\u00e9gica para que eles possam ter\numa experi\u00eancia intercultural real em solo peruano.<\/p>\n<h2><span style=\"color:#e60000;\">Por que enviar seus candidatos ao Peru conosco?<\/span>\n\n<\/h2>\n<p class=\"MsoNormal\">Imers\u00e3o Pr\u00e1tica: N\u00e3o s\u00e3o apenas visitas; \u00e9 servi\u00e7o real em\ncomunidades que precisam da mensagem da gra\u00e7a.<\/p><p class=\"MsoNormal\">Cuidado e Mentoria: Eles n\u00e3o estar\u00e3o sozinhos. Nossa ag\u00eancia\nfornece o apoio log\u00edstico e espiritual necess\u00e1rio.<\/p><p class=\"MsoNormal\">Expandindo a Vis\u00e3o: O mission\u00e1rio que retorna de uma\nexperi\u00eancia como essa volta com um fervor renovado para servir em sua pr\u00f3pria\nigreja local.<o:p><\/o:p><\/p><p class=\"MsoNormal\">Pastor, ajude-nos a colher essa safra. Se o Senhor tem\njovens sedentos por servir \u00e0s na\u00e7\u00f5es, permita que o Peru seja o palco onde Deus\nconfirma o chamado deles.<\/p><p class=\"MsoNormal\">Estamos prontos para receber os seus!<\/p><p class=\"MsoNormal\">Fraternalmente,<\/p>\n<p class=\"MsoNormal\"><o:p><\/o:p><\/p><p>\n\n\n\n\n\n\n\n\n\n\n\n\n\n\n\n\n\n\n\n\n\n\n\n\n\n\n\n\n\n\n\n\n\n\n\n\n\n<\/p><p class=\"MsoNormal\">Jose Eduardo Viana<\/p>\n<p class=\"MsoNormal\">Equipe de Interc\u00e2mbio Mission\u00e1rio<\/p>\n<h2>CLIQUE AGORA NO WHATSAPP ABAIXO E DEIXE SUA MENSAGEM E O SEU INTERESSE NO LOGO DO WHATSAPP. ENTRAREMOS EM CONTATO COM VOC\u00ca. PE\u00c7O QUE ENVIE UMA MENSAGEM DE TEXTO COM DETALHES DE SUA IGREJA E EQUIPE.<\/h2>\n\n\n\n\n","protected":false},"excerpt":{"rendered":"","protected":false},"author":1,"featured_media":0,"parent":0,"menu_order":0,"comment_status":"closed","ping_status":"closed","template":"","meta":{"pagelayer_contact_templates":[],"_pagelayer_content":"","footnotes":""},"class_list":["post-13","page","type-page","status-publish","hentry"],"_links":{"self":[{"href":"https:\/\/intercambiomisionero.org.pe\/index.php?rest_route=\/wp\/v2\/pages\/13","targetHints":{"allow":["GET"]}}],"collection":[{"href":"https:\/\/intercambiomisionero.org.pe\/index.php?rest_route=\/wp\/v2\/pages"}],"about":[{"href":"https:\/\/intercambiomisionero.org.pe\/index.php?rest_route=\/wp\/v2\/types\/page"}],"author":[{"embeddable":true,"href":"https:\/\/intercambiomisionero.org.pe\/index.php?rest_route=\/wp\/v2\/users\/1"}],"replies":[{"embeddable":true,"href":"https:\/\/intercambiomisionero.org.pe\/index.php?rest_route=%2Fwp%2Fv2%2Fcomments&post=13"}],"version-history":[{"count":7,"href":"https:\/\/intercambiomisionero.org.pe\/index.php?rest_route=\/wp\/v2\/pages\/13\/revisions"}],"predecessor-version":[{"id":107,"href":"https:\/\/intercambiomisionero.org.pe\/index.php?rest_route=\/wp\/v2\/pages\/13\/revisions\/107"}],"wp:attachment":[{"href":"https:\/\/intercambiomisionero.org.pe\/index.php?rest_route=%2Fwp%2Fv2%2Fmedia&parent=13"}],"curies":[{"name":"wp","href":"https:\/\/api.w.org\/{rel}","templated":true}]}}